{"id":2202,"date":"2021-04-29T18:01:30","date_gmt":"2021-04-29T16:01:30","guid":{"rendered":"https:\/\/hotel-hpv.fr\/actualites\/"},"modified":"2021-05-07T09:57:15","modified_gmt":"2021-05-07T07:57:15","slug":"news","status":"publish","type":"page","link":"https:\/\/hotel-hpv.fr\/en\/news\/","title":{"rendered":"News"},"content":{"rendered":"<div id='av_section_1'  class='avia-section av-2dep8-2b5817ff009e08f6c173e9c0624d4de3 alternate_color avia-section-default avia-no-border-styling  avia-builder-el-0  el_before_av_section  avia-builder-el-first  avia-bg-style-scroll container_wrap sidebar_right'  ><div class='container av-section-cont-open' ><main  role=\"main\" itemprop=\"mainContentOfPage\"  class='template-page content  av-content-small alpha units'><div class='post-entry post-entry-type-page post-entry-2202'><div class='entry-content-wrapper clearfix'>\n<div class='flex_column_table av-n0a7w-87c3676a0a82576ca7bd3b5aeb9b112d sc-av_one_full av-equal-height-column-flextable'>\n<style type=\"text\/css\" data-created_by=\"avia_inline_auto\" id=\"style-css-av-n0a7w-87c3676a0a82576ca7bd3b5aeb9b112d\">\n.flex_column.av-n0a7w-87c3676a0a82576ca7bd3b5aeb9b112d{\nborder-radius:0px 0px 0px 0px;\npadding:0px 0px 0px 0px;\n}\n<\/style>\n<div  class='flex_column av-n0a7w-87c3676a0a82576ca7bd3b5aeb9b112d av_one_full  avia-builder-el-1  el_before_av_hr  avia-builder-el-first  first flex_column_table_cell av-equal-height-column av-align-middle av-zero-column-padding  '     ><\/div><\/div><!--close column table wrapper. Autoclose: 1 -->\n<style type=\"text\/css\" data-created_by=\"avia_inline_auto\" id=\"style-css-av-8enij-2ad3314cd468bc4acd35d01bdb964abf\">\n#top .hr.hr-invisible.av-8enij-2ad3314cd468bc4acd35d01bdb964abf{\nheight:10px;\n}\n<\/style>\n<div  class='hr av-8enij-2ad3314cd468bc4acd35d01bdb964abf hr-invisible  avia-builder-el-2  el_after_av_one_full  avia-builder-el-last '><span class='hr-inner '><span class=\"hr-inner-style\"><\/span><\/span><\/div>\n\n<\/div><\/div><\/main><!-- close content main element --><\/div><\/div>\n<style type=\"text\/css\" data-created_by=\"avia_inline_auto\" id=\"style-css-av-jw8yo-dbd5990ad84fb22c1514741c6bd1d2a1\">\n.avia-section.av-jw8yo-dbd5990ad84fb22c1514741c6bd1d2a1{\nmargin-top:0px;\nmargin-bottom:0px;\n}\n<\/style>\n<div id='av_section_2'  class='avia-section av-jw8yo-dbd5990ad84fb22c1514741c6bd1d2a1 main_color avia-section-small avia-no-border-styling  avia-builder-el-3  el_after_av_section  avia-builder-el-last  avia-bg-style-scroll container_wrap sidebar_right'  ><div class='container av-section-cont-open' ><div class='template-page content  av-content-small alpha units'><div class='post-entry post-entry-type-page post-entry-2202'><div class='entry-content-wrapper clearfix'>\n<div class='flex_column_table av-j7dto-2103ff568438b6e3c491488690709f6c sc-av_one_full av-equal-height-column-flextable'>\n<style type=\"text\/css\" data-created_by=\"avia_inline_auto\" id=\"style-css-av-j7dto-2103ff568438b6e3c491488690709f6c\">\n#top .flex_column_table.av-equal-height-column-flextable.av-j7dto-2103ff568438b6e3c491488690709f6c{\nmargin-top:-60px;\nmargin-bottom:0px;\n}\n.flex_column.av-j7dto-2103ff568438b6e3c491488690709f6c{\nborder-radius:0px 0px 0px 0px;\npadding:30px 30px 30px 30px;\nbackground-color:#ffffff;\n}\n<\/style>\n<div  class='flex_column av-j7dto-2103ff568438b6e3c491488690709f6c av_one_full  avia-builder-el-4  avia-builder-el-no-sibling  first no_margin flex_column_table_cell av-equal-height-column av-align-top  '     ><p>\n<style type=\"text\/css\" data-created_by=\"avia_inline_auto\" id=\"style-css-av-j2qrf-e1167c857d5543e45302205aa94442de\">\n#top .av-special-heading.av-j2qrf-e1167c857d5543e45302205aa94442de{\npadding-bottom:0;\nfont-size:42px;\n}\nbody .av-special-heading.av-j2qrf-e1167c857d5543e45302205aa94442de .av-special-heading-tag .heading-char{\nfont-size:25px;\n}\n#top #wrap_all .av-special-heading.av-j2qrf-e1167c857d5543e45302205aa94442de .av-special-heading-tag{\nfont-size:42px;\n}\n.av-special-heading.av-j2qrf-e1167c857d5543e45302205aa94442de .av-subheading{\nfont-size:15px;\n}\n\n@media only screen and (min-width: 480px) and (max-width: 767px){ \n#top #wrap_all .av-special-heading.av-j2qrf-e1167c857d5543e45302205aa94442de .av-special-heading-tag{\nfont-size:0.8em;\n}\n}\n\n@media only screen and (max-width: 479px){ \n#top #wrap_all .av-special-heading.av-j2qrf-e1167c857d5543e45302205aa94442de .av-special-heading-tag{\nfont-size:0.8em;\n}\n}\n<\/style>\n<div  class='av-special-heading av-j2qrf-e1167c857d5543e45302205aa94442de av-special-heading-h2 blockquote modern-quote  avia-builder-el-5  el_before_av_blog  avia-builder-el-first  av-inherit-size'><h2 class='av-special-heading-tag '  itemprop=\"headline\"  >Hostellerie du P\u00e9rigord Vert News<\/h2><div class=\"special-heading-border\"><div class=\"special-heading-inner-border\"><\/div><\/div><\/div><br \/>\n<\/p><\/div><\/div><!--close column table wrapper. Autoclose: 1 --><\/div><\/div><\/div><!-- close content main div --><\/div><\/div><div id='after_section_2'  class='main_color av_default_container_wrap container_wrap sidebar_right'  ><div class='container av-section-cont-open' ><div class='template-page content  av-content-small alpha units'><div class='post-entry post-entry-type-page post-entry-2202'><div class='entry-content-wrapper clearfix'>\n","protected":false},"excerpt":{"rendered":"","protected":false},"author":1,"featured_media":0,"parent":0,"menu_order":0,"comment_status":"closed","ping_status":"closed","template":"","meta":{"sfsi_plus_gutenberg_text_before_share":"","sfsi_plus_gutenberg_show_text_before_share":"","sfsi_plus_gutenberg_icon_type":"","sfsi_plus_gutenberg_icon_alignemt":"","sfsi_plus_gutenburg_max_per_row":"","footnotes":""},"class_list":["post-2202","page","type-page","status-publish","hentry"],"yoast_head":"<!-- This site is optimized with the Yoast SEO plugin v25.6 - https:\/\/yoast.com\/wordpress\/plugins\/seo\/ -->\n<title>News - H\u00f4tel Restaurant \u00e0 Brantome en Dordogne - Hostellerie Perigord Vert<\/title>\n<meta name=\"robots\" content=\"index, follow, max-snippet:-1, max-image-preview:large, max-video-preview:-1\" \/>\n<link rel=\"canonical\" href=\"https:\/\/hotel-hpv.fr\/en\/news\/\" \/>\n<meta property=\"og:locale\" content=\"en_US\" \/>\n<meta property=\"og:type\" content=\"article\" \/>\n<meta property=\"og:title\" content=\"News - H\u00f4tel Restaurant \u00e0 Brantome en Dordogne - Hostellerie Perigord Vert\" \/>\n<meta property=\"og:url\" content=\"https:\/\/hotel-hpv.fr\/en\/news\/\" \/>\n<meta property=\"og:site_name\" content=\"H\u00f4tel Restaurant \u00e0 Brantome en Dordogne - Hostellerie Perigord Vert\" \/>\n<meta property=\"article:publisher\" content=\"http:\/\/www.facebook.com\/HostellerieduPerigordVert\" \/>\n<meta property=\"article:modified_time\" content=\"2021-05-07T07:57:15+00:00\" \/>\n<meta name=\"twitter:card\" content=\"summary_large_image\" \/>\n<meta name=\"twitter:label1\" content=\"Est. reading time\" \/>\n\t<meta name=\"twitter:data1\" content=\"4 minutes\" \/>\n<script type=\"application\/ld+json\" class=\"yoast-schema-graph\">{\"@context\":\"https:\/\/schema.org\",\"@graph\":[{\"@type\":\"WebPage\",\"@id\":\"https:\/\/hotel-hpv.fr\/en\/news\/\",\"url\":\"https:\/\/hotel-hpv.fr\/en\/news\/\",\"name\":\"News - H\u00f4tel Restaurant \u00e0 Brantome en Dordogne - Hostellerie Perigord Vert\",\"isPartOf\":{\"@id\":\"https:\/\/hotel-hpv.fr\/#website\"},\"datePublished\":\"2021-04-29T16:01:30+00:00\",\"dateModified\":\"2021-05-07T07:57:15+00:00\",\"breadcrumb\":{\"@id\":\"https:\/\/hotel-hpv.fr\/en\/news\/#breadcrumb\"},\"inLanguage\":\"en-US\",\"potentialAction\":[{\"@type\":\"ReadAction\",\"target\":[\"https:\/\/hotel-hpv.fr\/en\/news\/\"]}]},{\"@type\":\"BreadcrumbList\",\"@id\":\"https:\/\/hotel-hpv.fr\/en\/news\/#breadcrumb\",\"itemListElement\":[{\"@type\":\"ListItem\",\"position\":1,\"name\":\"Accueil\",\"item\":\"https:\/\/hotel-hpv.fr\/en\/\"},{\"@type\":\"ListItem\",\"position\":2,\"name\":\"News\"}]},{\"@type\":\"WebSite\",\"@id\":\"https:\/\/hotel-hpv.fr\/#website\",\"url\":\"https:\/\/hotel-hpv.fr\/\",\"name\":\"H\u00f4tel Restaurant \u00e0 Brantome en Dordogne - Hostellerie Perigord Vert\",\"description\":\"Hostellerie du P\u00e9rigord Vert, H\u00f4tel \u00e0 Brant\u00f4me en P\u00e9rigord (Dordogne 24)\",\"publisher\":{\"@id\":\"https:\/\/hotel-hpv.fr\/#organization\"},\"potentialAction\":[{\"@type\":\"SearchAction\",\"target\":{\"@type\":\"EntryPoint\",\"urlTemplate\":\"https:\/\/hotel-hpv.fr\/?s={search_term_string}\"},\"query-input\":{\"@type\":\"PropertyValueSpecification\",\"valueRequired\":true,\"valueName\":\"search_term_string\"}}],\"inLanguage\":\"en-US\"},{\"@type\":\"Organization\",\"@id\":\"https:\/\/hotel-hpv.fr\/#organization\",\"name\":\"Hostellerie du P\u00e9rigord Vert\",\"url\":\"https:\/\/hotel-hpv.fr\/\",\"logo\":{\"@type\":\"ImageObject\",\"inLanguage\":\"en-US\",\"@id\":\"https:\/\/hotel-hpv.fr\/#\/schema\/logo\/image\/\",\"url\":\"https:\/\/hotel-hpv.fr\/wp-content\/uploads\/2021\/04\/logo-HPV.png\",\"contentUrl\":\"https:\/\/hotel-hpv.fr\/wp-content\/uploads\/2021\/04\/logo-HPV.png\",\"width\":390,\"height\":105,\"caption\":\"Hostellerie du P\u00e9rigord Vert\"},\"image\":{\"@id\":\"https:\/\/hotel-hpv.fr\/#\/schema\/logo\/image\/\"},\"sameAs\":[\"http:\/\/www.facebook.com\/HostellerieduPerigordVert\",\"https:\/\/instagram.com\/hostellerieperigordvert\"]}]}<\/script>\n<!-- \/ Yoast SEO plugin. -->","yoast_head_json":{"title":"News - H\u00f4tel Restaurant \u00e0 Brantome en Dordogne - Hostellerie Perigord Vert","robots":{"index":"index","follow":"follow","max-snippet":"max-snippet:-1","max-image-preview":"max-image-preview:large","max-video-preview":"max-video-preview:-1"},"canonical":"https:\/\/hotel-hpv.fr\/en\/news\/","og_locale":"en_US","og_type":"article","og_title":"News - H\u00f4tel Restaurant \u00e0 Brantome en Dordogne - Hostellerie Perigord Vert","og_url":"https:\/\/hotel-hpv.fr\/en\/news\/","og_site_name":"H\u00f4tel Restaurant \u00e0 Brantome en Dordogne - Hostellerie Perigord Vert","article_publisher":"http:\/\/www.facebook.com\/HostellerieduPerigordVert","article_modified_time":"2021-05-07T07:57:15+00:00","twitter_card":"summary_large_image","twitter_misc":{"Est. reading time":"4 minutes"},"schema":{"@context":"https:\/\/schema.org","@graph":[{"@type":"WebPage","@id":"https:\/\/hotel-hpv.fr\/en\/news\/","url":"https:\/\/hotel-hpv.fr\/en\/news\/","name":"News - H\u00f4tel Restaurant \u00e0 Brantome en Dordogne - Hostellerie Perigord Vert","isPartOf":{"@id":"https:\/\/hotel-hpv.fr\/#website"},"datePublished":"2021-04-29T16:01:30+00:00","dateModified":"2021-05-07T07:57:15+00:00","breadcrumb":{"@id":"https:\/\/hotel-hpv.fr\/en\/news\/#breadcrumb"},"inLanguage":"en-US","potentialAction":[{"@type":"ReadAction","target":["https:\/\/hotel-hpv.fr\/en\/news\/"]}]},{"@type":"BreadcrumbList","@id":"https:\/\/hotel-hpv.fr\/en\/news\/#breadcrumb","itemListElement":[{"@type":"ListItem","position":1,"name":"Accueil","item":"https:\/\/hotel-hpv.fr\/en\/"},{"@type":"ListItem","position":2,"name":"News"}]},{"@type":"WebSite","@id":"https:\/\/hotel-hpv.fr\/#website","url":"https:\/\/hotel-hpv.fr\/","name":"H\u00f4tel Restaurant \u00e0 Brantome en Dordogne - Hostellerie Perigord Vert","description":"Hostellerie du P\u00e9rigord Vert, H\u00f4tel \u00e0 Brant\u00f4me en P\u00e9rigord (Dordogne 24)","publisher":{"@id":"https:\/\/hotel-hpv.fr\/#organization"},"potentialAction":[{"@type":"SearchAction","target":{"@type":"EntryPoint","urlTemplate":"https:\/\/hotel-hpv.fr\/?s={search_term_string}"},"query-input":{"@type":"PropertyValueSpecification","valueRequired":true,"valueName":"search_term_string"}}],"inLanguage":"en-US"},{"@type":"Organization","@id":"https:\/\/hotel-hpv.fr\/#organization","name":"Hostellerie du P\u00e9rigord Vert","url":"https:\/\/hotel-hpv.fr\/","logo":{"@type":"ImageObject","inLanguage":"en-US","@id":"https:\/\/hotel-hpv.fr\/#\/schema\/logo\/image\/","url":"https:\/\/hotel-hpv.fr\/wp-content\/uploads\/2021\/04\/logo-HPV.png","contentUrl":"https:\/\/hotel-hpv.fr\/wp-content\/uploads\/2021\/04\/logo-HPV.png","width":390,"height":105,"caption":"Hostellerie du P\u00e9rigord Vert"},"image":{"@id":"https:\/\/hotel-hpv.fr\/#\/schema\/logo\/image\/"},"sameAs":["http:\/\/www.facebook.com\/HostellerieduPerigordVert","https:\/\/instagram.com\/hostellerieperigordvert"]}]}},"_links":{"self":[{"href":"https:\/\/hotel-hpv.fr\/en\/wp-json\/wp\/v2\/pages\/2202","targetHints":{"allow":["GET"]}}],"collection":[{"href":"https:\/\/hotel-hpv.fr\/en\/wp-json\/wp\/v2\/pages"}],"about":[{"href":"https:\/\/hotel-hpv.fr\/en\/wp-json\/wp\/v2\/types\/page"}],"author":[{"embeddable":true,"href":"https:\/\/hotel-hpv.fr\/en\/wp-json\/wp\/v2\/users\/1"}],"replies":[{"embeddable":true,"href":"https:\/\/hotel-hpv.fr\/en\/wp-json\/wp\/v2\/comments?post=2202"}],"version-history":[{"count":0,"href":"https:\/\/hotel-hpv.fr\/en\/wp-json\/wp\/v2\/pages\/2202\/revisions"}],"wp:attachment":[{"href":"https:\/\/hotel-hpv.fr\/en\/wp-json\/wp\/v2\/media?parent=2202"}],"curies":[{"name":"wp","href":"https:\/\/api.w.org\/{rel}","templated":true}]}}